{"id":272,"date":"2022-12-15T15:45:40","date_gmt":"2022-12-15T14:45:40","guid":{"rendered":"https:\/\/loriludbreg.hr\/?page_id=272"},"modified":"2022-12-23T11:24:51","modified_gmt":"2022-12-23T10:24:51","slug":"o-projektu","status":"publish","type":"page","link":"https:\/\/loriludbreg.hr\/en\/o-projektu\/","title":{"rendered":"About project"},"content":{"rendered":"<section class=\"vc_section_wrapper\"><div class=\"wpb_row  row-fluid \" ><div class=\"wpb_column vc_column_container vc_col-sm-12 vc_hidden-lg vc_hidden-md\"><div class=\"vc_column-inner\"><div class=\"wpb_wrapper\">\n\t<div  class=\"wpb_single_image wpb_content_element vc_align_center\">\n\t\t\n\t\t<figure class=\"wpb_wrapper vc_figure\">\n\t\t\t<div class=\"vc_single_image-wrapper   vc_box_border_grey\"><img loading=\"lazy\" decoding=\"async\" width=\"700\" height=\"200\" src=\"https:\/\/loriludbreg.hr\/wp-content\/uploads\/2022\/12\/loriludbreg-logo-mob.jpg\" class=\"vc_single_image-img attachment-full\" alt=\"\" title=\"loriludbreg-logo-mob\" srcset=\"https:\/\/loriludbreg.hr\/wp-content\/uploads\/2022\/12\/loriludbreg-logo-mob.jpg 700w, https:\/\/loriludbreg.hr\/wp-content\/uploads\/2022\/12\/loriludbreg-logo-mob-300x86.jpg 300w\" sizes=\"auto, (max-width: 700px) 100vw, 700px\" \/><\/div>\n\t\t<\/figure>\n\t<\/div>\n\n\t<div  class=\"wpb_single_image wpb_content_element vc_align_center\">\n\t\t\n\t\t<figure class=\"wpb_wrapper vc_figure\">\n\t\t\t<div class=\"vc_single_image-wrapper   vc_box_border_grey\"><img loading=\"lazy\" decoding=\"async\" width=\"300\" height=\"65\" src=\"https:\/\/loriludbreg.hr\/wp-content\/uploads\/2022\/12\/hrnor-header-300x65.png\" class=\"vc_single_image-img attachment-medium\" alt=\"\" title=\"hr+nor-header\" srcset=\"https:\/\/loriludbreg.hr\/wp-content\/uploads\/2022\/12\/hrnor-header-300x65.png 300w, https:\/\/loriludbreg.hr\/wp-content\/uploads\/2022\/12\/hrnor-header.png 386w\" sizes=\"auto, (max-width: 300px) 100vw, 300px\" \/><\/div>\n\t\t<\/figure>\n\t<\/div>\n<\/div><\/div><\/div><\/div><\/section><section class=\"vc_section_wrapper parallax-section has_bg_img\"><div class=\"bg-layer \" style=\"background-image: url(http:\/\/loriludbreg.hr\/wp-content\/uploads\/2022\/12\/01-para-2.jpg?id=327) ;\" data-inertia=\"0.2\" ><\/div><div class=\"wpb_row  vc_custom_1671174923816 row-fluid \"style=\"background: none !important; background-image: none !important; background-color: inherit !important;padding-top: 5% ;padding-right: 0px ;padding-bottom: 5% ;padding-left: 0px ;\" ><div class=\"no-margin wpb_column vc_column_container vc_col-sm-6\"><div class=\"vc_column-inner\"><div class=\"wpb_wrapper\"><\/div><\/div><\/div><div class=\"wpb_column vc_column_container vc_col-sm-6\"><div class=\"vc_column-inner\"><div class=\"wpb_wrapper\">\n\t<div class=\"wpb_raw_code wpb_content_element wpb_raw_html\" >\n\t\t<div class=\"wpb_wrapper\">\n\t\t\t<div style=\"padding: 8% 10% 10%; background: rgba(255,255,255,.6);text-align: left;\">\n<h2 style=\"font-size: 45px; font-color: #ffffff; margin: 0 0; line-height: 69px; -webkit-text-stroke:0;\" class=\"centered-phone\"><em>O projektu<\/em><\/h2>\n<\/div>\n\t\t<\/div>\n\t<\/div>\n<\/div><\/div><\/div><\/div><\/section><section class=\"vc_section_wrapper has_bg_color\"><div class=\"bg-layer \" style=\"background-color: #ededed ;\" data-inertia=\"0.2\" ><\/div><div class=\"wpb_row  vc_custom_1670920030439 row-fluid \"style=\"background: none !important; background-image: none !important; background-color: inherit !important;padding-top: 2% ;padding-right: 0px ;padding-bottom: 0% ;padding-left: 0px ;\" ><div class=\"wpb_column vc_column_container vc_col-sm-6\"><div class=\"vc_column-inner\"><div class=\"wpb_wrapper\">\n\t<div class=\"wpb_text_column wpb_content_element \" >\n\t\t<div class=\"wpb_wrapper\">\n\t\t\t<h2 style=\"text-align: left;\">Kao prvi grad u Hrvatskoj, Ludbreg \u0107e uskoro dobiti Newton sobe.<\/h2>\n\n\t\t<\/div>\n\t<\/div>\n\n\t<div  class=\"wpb_single_image wpb_content_element vc_align_center\">\n\t\t\n\t\t<figure class=\"wpb_wrapper vc_figure\">\n\t\t\t<div class=\"vc_single_image-wrapper   vc_box_border_grey\"><img loading=\"lazy\" decoding=\"async\" width=\"300\" height=\"137\" src=\"https:\/\/loriludbreg.hr\/wp-content\/uploads\/2022\/12\/Newton_logo_farge_lang-300x137.png\" class=\"vc_single_image-img attachment-medium\" alt=\"\" title=\"Newton_logo_farge_lang\" srcset=\"https:\/\/loriludbreg.hr\/wp-content\/uploads\/2022\/12\/Newton_logo_farge_lang-300x137.png 300w, https:\/\/loriludbreg.hr\/wp-content\/uploads\/2022\/12\/Newton_logo_farge_lang-1024x466.png 1024w, https:\/\/loriludbreg.hr\/wp-content\/uploads\/2022\/12\/Newton_logo_farge_lang-768x350.png 768w, https:\/\/loriludbreg.hr\/wp-content\/uploads\/2022\/12\/Newton_logo_farge_lang-1536x699.png 1536w, https:\/\/loriludbreg.hr\/wp-content\/uploads\/2022\/12\/Newton_logo_farge_lang-2048x932.png 2048w, https:\/\/loriludbreg.hr\/wp-content\/uploads\/2022\/12\/Newton_logo_farge_lang-1200x546.png 1200w\" sizes=\"auto, (max-width: 300px) 100vw, 300px\" \/><\/div>\n\t\t<\/figure>\n\t<\/div>\n\n\t<div class=\"wpb_text_column wpb_content_element \" >\n\t\t<div class=\"wpb_wrapper\">\n\t\t\t<h3>Rije\u010d je o sobama u kojima se obrazovanje pru\u017ea u podru\u010dju znanosti, tehnologije, in\u017eenjerstva i matematike i to kroz inspirativno okru\u017eenje za u\u010denje.<\/h3>\n\n\t\t<\/div>\n\t<\/div>\n<\/div><\/div><\/div><div class=\"wpb_column vc_column_container vc_col-sm-6\"><div class=\"vc_column-inner\"><div class=\"wpb_wrapper\">\n\t<div class=\"wpb_text_column wpb_content_element \" >\n\t\t<div class=\"wpb_wrapper\">\n\t\t\t\n\t\t\t<!-- START LORILudbreg 1 REVOLUTION SLIDER 6.5.15 --><p class=\"rs-p-wp-fix\"><\/p>\n\t\t\t<rs-module-wrap id=\"rev_slider_12_1_wrapper\" data-source=\"gallery\" data-aimg=\"\"  style=\"visibility:hidden;background:#393939;padding:0;margin:0px auto;margin-top:0;margin-bottom:0;\">\n\t\t\t\t<rs-module id=\"rev_slider_12_1\" style=\"\" data-version=\"6.5.15\">\n\t\t\t\t\t<rs-slides>\n\t\t\t\t\t\t<rs-slide style=\"position: absolute;\" data-key=\"rs-27\" data-title=\"Slide\" data-duration=\"7500ms\" data-anim=\"ms:10;\" data-in=\"o:1;\" data-out=\"a:false;\">\n\t\t\t\t\t\t\t<img decoding=\"async\" src=\"\/\/loriludbreg.hr\/wp-content\/plugins\/revslider\/public\/assets\/assets\/dummy.png\" alt=\"\" title=\"O projektu\" class=\"rev-slidebg tp-rs-img rs-lazyload\" data-lazyload=\"\/\/imnoexpert.net\/vellum\/wp-content\/slide1.jpg\" data-no-retina>\n\t\t\t\t\t\t\t<rs-bgvideo \n\t\t\t\t\t\t\t\tdata-video=\"vc:none;w:100%;h:100%;nse:false;l:true;ptimer:false;\"\n\t\t\t\t\t\t\t\tdata-ytid=\"kIGgV7Yxb-o\"\n\t\t\t\t\t\t\t\tdata-vatr=\"version=3&amp;enablejsapi=1&amp;html5=1&amp;hd=1&amp;wmode=opaque&amp;showinfo=0&amp;rel=0&amp;origin=https:\/\/loriludbreg.hr;\"\n\t\t\t\t\t\t\t><\/rs-bgvideo>\n<!---->\t\t\t\t\t\t<\/rs-slide>\n\t\t\t\t\t<\/rs-slides>\n\t\t\t\t<\/rs-module>\n\t\t\t\t<script>\n\t\t\t\t\tsetREVStartSize({c: 'rev_slider_12_1',rl:[1240,1024,778,480],el:[1080],gw:[1920],gh:[1080],type:'standard',justify:'',layout:'fullwidth',mh:\"0\"});if (window.RS_MODULES!==undefined && window.RS_MODULES.modules!==undefined && window.RS_MODULES.modules[\"revslider121\"]!==undefined) {window.RS_MODULES.modules[\"revslider121\"].once = false;window.revapi12 = undefined;if (window.RS_MODULES.checkMinimal!==undefined) window.RS_MODULES.checkMinimal()}\n\t\t\t\t<\/script>\n\t\t\t\t<script src=\"https:\/\/www.youtube.com\/iframe_api\"><\/script>\n\t\t\t<\/rs-module-wrap>\n\t\t\t<!-- END REVOLUTION SLIDER -->\n\n\n\t\t<\/div>\n\t<\/div>\n<\/div><\/div><\/div><\/div><\/section><section class=\"vc_section_wrapper has_bg_color\"><div class=\"bg-layer \" style=\"background-color: #ffffff ;\" data-inertia=\"0.2\" ><\/div><div class=\"wpb_row  vc_custom_1594973205849 row-fluid \"style=\"background: none !important; background-image: none !important; background-color: inherit !important;padding-top: 2% ;padding-right: 0px ;padding-bottom: 0% ;padding-left: 0px ;\" ><div class=\"wpb_column vc_column_container vc_col-sm-12\"><div class=\"vc_column-inner\"><div class=\"wpb_wrapper\"><div class=\"headline-box\"><div class=\"separator-large\"><\/div><h1 class=\"headline\" style=\"text-align:Center\">Newton sobe realizirat \u0107e se kroz projekt \u201eRegionalni znanstveni centar za osnovno\u0161kolski odgoj i obrazovanje u STEM podru\u010dju\u201c, akronima LORI ukupne vrijednosti <em>22.217.250,00 kn<\/em> odnosno <em>2.950.302,10 EUR<\/em>.<\/h1><div class=\"separator-large\"><\/div><\/div>\n\t<div class=\"wpb_text_column wpb_content_element \" >\n\t\t<div class=\"wpb_wrapper\">\n\t\t\t<p><strong>Od spomenutog iznosa 85% financira se iz Financijskog mehanizma Europskog gospodarskog prostora, dok se preostali iznos osigurava iz dr\u017eavnog prora\u010duna.<\/strong><\/p>\n\n\t\t<\/div>\n\t<\/div>\n<div class=\"vc_message_box vc_message_box-standard vc_message_box-rounded vc_color-pink\" ><div class=\"vc_message_box-icon\"><i class=\"fas fa-info-circle\"><\/i><\/div><h4><strong>Jedan od najve\u0107ih projekata u povijesti Grada Ludbrega ve\u0107 je zapo\u010deo s implementacijom i trajat \u0107e do kraja travnja 2024. godine.<\/strong><\/h4>\n<\/div>\n\t<div class=\"wpb_text_column wpb_content_element \" >\n\t\t<div class=\"wpb_wrapper\">\n\t\t\t<p>Projektom planiramo rije\u0161iti problem nedostatnih prostora za STEM obrazovanje i aktivnosti na podru\u010dju Ludbrega i Vara\u017edinske \u017eupanije, nepostojanje adekvatno opremljenih STEM u\u010dionica, manjak znanja i vje\u0161tina u\u010ditelja, odgojno obrazovnih radnika i u\u010denika u STEM podru\u010dju te smanjenih mogu\u0107nosti za u\u010denike u postoje\u0107em osnovno\u0161kolskom obrazovnom sustavu. Problem \u0107emo rije\u0161iti na na\u010din da \u0107emo razviti sustav koji \u0107e se sastojati od stru\u010dno osposobljenih u\u010ditelja i drugih odgojno obrazovnih radnika oja\u010danih kapaciteta u podu\u010davanju u podru\u010dju STEM-a, IKT-a i poduzetni\u0161tva, stvorit \u0107emo podlogu za razvoj individualiziranih programa temeljenih na potrebama u\u010denika i uvest \u0107emo metodiku prijenosa znanja u neformalnom okru\u017eenju, tj. u modernim i adekvatno opremljenim STEM u\u010dionicama koje \u0107e biti prilago\u0111ene potrebama u\u010denika.<\/p>\n\n\t\t<\/div>\n\t<\/div>\n<\/div><\/div><\/div><\/div><\/section><section class=\"vc_section_wrapper has_bg_color\"><div class=\"bg-layer \" style=\"background-color: #ffffff ;\" data-inertia=\"0.2\" ><\/div><div class=\"wpb_row  vc_custom_1594973205849 row-fluid \"style=\"background: none !important; background-image: none !important; background-color: inherit !important;padding-top: 2% ;padding-right: 0px ;padding-bottom: 0% ;padding-left: 0px ;\" ><div class=\"wpb_column vc_column_container vc_col-sm-3\"><div class=\"vc_column-inner\"><div class=\"wpb_wrapper\">\n\t<div  class=\"wpb_single_image wpb_content_element vc_align_center\">\n\t\t\n\t\t<figure class=\"wpb_wrapper vc_figure\">\n\t\t\t<a class=\"\" data-lightbox=\"lightbox[rel-272-3394263262]\" href=\"https:\/\/loriludbreg.hr\/wp-content\/uploads\/2022\/12\/52067057997_1a698e8d74_o-1024x682.jpg\" target=\"_self\" class=\"vc_single_image-wrapper   vc_box_border_grey\"><img loading=\"lazy\" decoding=\"async\" width=\"1200\" height=\"799\" src=\"https:\/\/loriludbreg.hr\/wp-content\/uploads\/2022\/12\/52067057997_1a698e8d74_o.jpg\" class=\"vc_single_image-img attachment-full\" alt=\"\" title=\"Newton Flight Academy fight simulator at The Glasgow Science Centre\" srcset=\"https:\/\/loriludbreg.hr\/wp-content\/uploads\/2022\/12\/52067057997_1a698e8d74_o.jpg 1200w, https:\/\/loriludbreg.hr\/wp-content\/uploads\/2022\/12\/52067057997_1a698e8d74_o-300x200.jpg 300w, https:\/\/loriludbreg.hr\/wp-content\/uploads\/2022\/12\/52067057997_1a698e8d74_o-1024x682.jpg 1024w, https:\/\/loriludbreg.hr\/wp-content\/uploads\/2022\/12\/52067057997_1a698e8d74_o-768x511.jpg 768w\" sizes=\"auto, (max-width: 1200px) 100vw, 1200px\" \/><\/a>\n\t\t<\/figure>\n\t<\/div>\n<\/div><\/div><\/div><div class=\"wpb_column vc_column_container vc_col-sm-3\"><div class=\"vc_column-inner\"><div class=\"wpb_wrapper\">\n\t<div  class=\"wpb_single_image wpb_content_element vc_align_center\">\n\t\t\n\t\t<figure class=\"wpb_wrapper vc_figure\">\n\t\t\t<a class=\"\" data-lightbox=\"lightbox[rel-272-2610969058]\" href=\"https:\/\/loriludbreg.hr\/wp-content\/uploads\/2022\/12\/47992324503_64f6df6302_k-1024x685.jpg\" target=\"_self\" class=\"vc_single_image-wrapper   vc_box_border_grey\"><img loading=\"lazy\" decoding=\"async\" width=\"2048\" height=\"1369\" src=\"https:\/\/loriludbreg.hr\/wp-content\/uploads\/2022\/12\/47992324503_64f6df6302_k.jpg\" class=\"vc_single_image-img attachment-full\" alt=\"\" title=\"47992324503_64f6df6302_k\" srcset=\"https:\/\/loriludbreg.hr\/wp-content\/uploads\/2022\/12\/47992324503_64f6df6302_k.jpg 2048w, https:\/\/loriludbreg.hr\/wp-content\/uploads\/2022\/12\/47992324503_64f6df6302_k-300x201.jpg 300w, https:\/\/loriludbreg.hr\/wp-content\/uploads\/2022\/12\/47992324503_64f6df6302_k-1024x685.jpg 1024w, https:\/\/loriludbreg.hr\/wp-content\/uploads\/2022\/12\/47992324503_64f6df6302_k-768x513.jpg 768w, https:\/\/loriludbreg.hr\/wp-content\/uploads\/2022\/12\/47992324503_64f6df6302_k-1536x1027.jpg 1536w, https:\/\/loriludbreg.hr\/wp-content\/uploads\/2022\/12\/47992324503_64f6df6302_k-1200x802.jpg 1200w\" sizes=\"auto, (max-width: 2048px) 100vw, 2048px\" \/><\/a>\n\t\t<\/figure>\n\t<\/div>\n<\/div><\/div><\/div><div class=\"wpb_column vc_column_container vc_col-sm-3\"><div class=\"vc_column-inner\"><div class=\"wpb_wrapper\">\n\t<div  class=\"wpb_single_image wpb_content_element vc_align_center\">\n\t\t\n\t\t<figure class=\"wpb_wrapper vc_figure\">\n\t\t\t<a class=\"\" data-lightbox=\"lightbox[rel-272-1260458904]\" href=\"https:\/\/loriludbreg.hr\/wp-content\/uploads\/2022\/12\/51605568392_fafc526756_k-1024x684.jpg\" target=\"_self\" class=\"vc_single_image-wrapper   vc_box_border_grey\"><img loading=\"lazy\" decoding=\"async\" width=\"2048\" height=\"1367\" src=\"https:\/\/loriludbreg.hr\/wp-content\/uploads\/2022\/12\/51605568392_fafc526756_k.jpg\" class=\"vc_single_image-img attachment-full\" alt=\"\" title=\"51605568392_fafc526756_k\" srcset=\"https:\/\/loriludbreg.hr\/wp-content\/uploads\/2022\/12\/51605568392_fafc526756_k.jpg 2048w, https:\/\/loriludbreg.hr\/wp-content\/uploads\/2022\/12\/51605568392_fafc526756_k-300x200.jpg 300w, https:\/\/loriludbreg.hr\/wp-content\/uploads\/2022\/12\/51605568392_fafc526756_k-1024x684.jpg 1024w, https:\/\/loriludbreg.hr\/wp-content\/uploads\/2022\/12\/51605568392_fafc526756_k-768x513.jpg 768w, https:\/\/loriludbreg.hr\/wp-content\/uploads\/2022\/12\/51605568392_fafc526756_k-1536x1025.jpg 1536w, https:\/\/loriludbreg.hr\/wp-content\/uploads\/2022\/12\/51605568392_fafc526756_k-1200x801.jpg 1200w\" sizes=\"auto, (max-width: 2048px) 100vw, 2048px\" \/><\/a>\n\t\t<\/figure>\n\t<\/div>\n<\/div><\/div><\/div><div class=\"wpb_column vc_column_container vc_col-sm-3\"><div class=\"vc_column-inner\"><div class=\"wpb_wrapper\">\n\t<div  class=\"wpb_single_image wpb_content_element vc_align_center\">\n\t\t\n\t\t<figure class=\"wpb_wrapper vc_figure\">\n\t\t\t<a class=\"\" data-lightbox=\"lightbox[rel-272-860535283]\" href=\"https:\/\/loriludbreg.hr\/wp-content\/uploads\/2022\/12\/52067058612_021249ef02_o-1024x682.jpg\" target=\"_self\" class=\"vc_single_image-wrapper   vc_box_border_grey\"><img loading=\"lazy\" decoding=\"async\" width=\"1200\" height=\"799\" src=\"https:\/\/loriludbreg.hr\/wp-content\/uploads\/2022\/12\/52067058612_021249ef02_o.jpg\" class=\"vc_single_image-img attachment-full\" alt=\"\" title=\"Newton Flight Academy fight simulator at The Glasgow Science Centre\" srcset=\"https:\/\/loriludbreg.hr\/wp-content\/uploads\/2022\/12\/52067058612_021249ef02_o.jpg 1200w, https:\/\/loriludbreg.hr\/wp-content\/uploads\/2022\/12\/52067058612_021249ef02_o-300x200.jpg 300w, https:\/\/loriludbreg.hr\/wp-content\/uploads\/2022\/12\/52067058612_021249ef02_o-1024x682.jpg 1024w, https:\/\/loriludbreg.hr\/wp-content\/uploads\/2022\/12\/52067058612_021249ef02_o-768x511.jpg 768w\" sizes=\"auto, (max-width: 1200px) 100vw, 1200px\" \/><\/a>\n\t\t<\/figure>\n\t<\/div>\n<\/div><\/div><\/div><\/div><\/section>\n","protected":false},"excerpt":{"rendered":"O projektu Kao prvi grad u Hrvatskoj, Ludbreg \u0107e uskoro dobiti Newton sobe. Rije\u010d je o sobama u kojima se obrazovanje pru\u017ea u podru\u010dju znanosti, tehnologije, in\u017eenjerstva i matematike i to kroz inspirativno okru\u017eenje za u\u010denje. Newton sobe realizirat \u0107e se kroz projekt \u201eRegionalni znanstveni centar za osnovno\u0161kolski odgoj i obrazovanje u STEM podru\u010dju\u201c, akronima LORI ukupne vrijednosti 22.217.250,00 kn odnosno 2.950.302,10 EUR. Od spomenutog iznosa 85% financira se iz Financijskog mehanizma Europskog gospodarskog prostora, dok se preostali iznos osigurava iz dr\u017eavnog prora\u010duna. Jedan od najve\u0107ih projekata u povijesti Grada Ludbrega ve\u0107 je zapo\u010deo s implementacijom i trajat \u0107e do kraja travnja 2024. godine. Projektom planiramo rije\u0161iti problem nedostatnih prostora za STEM obrazovanje i aktivnosti na podru\u010dju Ludbrega i Vara\u017edinske \u017eupanije, nepostojanje adekvatno opremljenih STEM u\u010dionica, manjak znanja i vje\u0161tina u\u010ditelja, odgojno obrazovnih radnika i u\u010denika u STEM podru\u010dju te smanjenih mogu\u0107nosti za u\u010denike u postoje\u0107em osnovno\u0161kolskom obrazovnom sustavu. Problem \u0107emo rije\u0161iti na na\u010din da \u0107emo razviti sustav koji \u0107e se sastojati od stru\u010dno osposobljenih u\u010ditelja i drugih odgojno obrazovnih radnika oja\u010danih kapaciteta u podu\u010davanju u podru\u010dju STEM-a, IKT-a i poduzetni\u0161tva, stvorit \u0107emo podlogu za razvoj individualiziranih programa temeljenih na potrebama u\u010denika i uvest \u0107emo metodiku prijenosa znanja u neformalnom okru\u017eenju, tj. u modernim i adekvatno opremljenim STEM u\u010dionicama koje \u0107e biti prilago\u0111ene potrebama u\u010denika.","protected":false},"author":1,"featured_media":0,"parent":0,"menu_order":0,"comment_status":"closed","ping_status":"closed","template":"","meta":{"_monsterinsights_skip_tracking":false,"_monsterinsights_sitenote_active":false,"_monsterinsights_sitenote_note":"","_monsterinsights_sitenote_category":0,"footnotes":""},"class_list":["post-272","page","type-page","status-publish","hentry"],"_links":{"self":[{"href":"https:\/\/loriludbreg.hr\/en\/wp-json\/wp\/v2\/pages\/272","targetHints":{"allow":["GET"]}}],"collection":[{"href":"https:\/\/loriludbreg.hr\/en\/wp-json\/wp\/v2\/pages"}],"about":[{"href":"https:\/\/loriludbreg.hr\/en\/wp-json\/wp\/v2\/types\/page"}],"author":[{"embeddable":true,"href":"https:\/\/loriludbreg.hr\/en\/wp-json\/wp\/v2\/users\/1"}],"replies":[{"embeddable":true,"href":"https:\/\/loriludbreg.hr\/en\/wp-json\/wp\/v2\/comments?post=272"}],"version-history":[{"count":27,"href":"https:\/\/loriludbreg.hr\/en\/wp-json\/wp\/v2\/pages\/272\/revisions"}],"predecessor-version":[{"id":557,"href":"https:\/\/loriludbreg.hr\/en\/wp-json\/wp\/v2\/pages\/272\/revisions\/557"}],"wp:attachment":[{"href":"https:\/\/loriludbreg.hr\/en\/wp-json\/wp\/v2\/media?parent=272"}],"curies":[{"name":"wp","href":"https:\/\/api.w.org\/{rel}","templated":true}]}}